{"id":78,"date":"2014-09-28T18:43:19","date_gmt":"2014-09-28T18:43:19","guid":{"rendered":"http:\/\/www.feeling-italia.it\/?page_id=78"},"modified":"2014-11-19T21:08:06","modified_gmt":"2014-11-19T21:08:06","slug":"carriera","status":"publish","type":"page","link":"https:\/\/www.feeling-italia.it\/it\/carriera\/","title":{"rendered":"Lavora con noi"},"content":{"rendered":"<div class=\"wpb-content-wrapper\">[vc_row][vc_column width=&#8221;1\/1&#8243;]<div  class=\"x-container max width\" ><h1  class=\"h-custom-headline mtn h1\" ><span>Lavora con noi<\/span><\/h1><img decoding=\"async\"  class=\"x-img x-img-thumbnail right\" style=\"max-width: 30%;\" src=\"https:\/\/www.feeling-italia.it\/wp-content\/uploads\/feeling-beraterin.jpg\" ><p style=\"text-align: justify;\">Siete una persona espansiva, motivata, amate il lavoro indipendente e Vi piace lavorare con persone nuove?<\/p>\n<p style=\"text-align: justify;\"><strong>In questo caso feeling Vi offre il lavoro ideale!<\/strong><\/p>\n<p style=\"text-align: justify;\">Il nostro successo \u00e8 basato su prodotti di altissima qualit\u00e0,\u00a0 formato da consiglieri motivati e entusiasti dei nostri prodotti. Feeling Vi offre un\u2019attivit\u00e0 interessante e utile, dove avrete la possibilit\u00e0 di incrementare le Vostre capacit\u00e0 personali.<\/p>\n<p style=\"text-align: justify;\">Indifferente se lavorate con feeling in modo full-time o part-time, feeling Vi lascia la libert\u00e0 di programmare e organizzare liberamente il Vostro tempo.<\/p>\n<p style=\"text-align: justify;\">Diventerete anche Voi parte di uno staff di successo e condividerete l\u2019entusiasmo dei prodotti naturali con altre persone.<\/p>\n<p>Non aspettare di chiedere informazioni!<\/p>\n<\/div>[\/vc_column][\/vc_row]\n<\/div>","protected":false},"excerpt":{"rendered":"<p>[vc_row][vc_column width=&#8221;1\/1&#8243;][\/vc_column][\/vc_row]<\/p>\n","protected":false},"author":3,"featured_media":0,"parent":0,"menu_order":0,"comment_status":"closed","ping_status":"closed","template":"template-blank-4.php","meta":{"footnotes":""},"class_list":["post-78","page","type-page","status-publish","hentry","no-post-thumbnail"],"yoast_head":"<!-- This site is optimized with the Yoast SEO plugin v26.7 - https:\/\/yoast.com\/wordpress\/plugins\/seo\/ -->\n<title>Lavora con noi - feeling Italia<\/title>\n<meta name=\"robots\" content=\"index, follow, max-snippet:-1, max-image-preview:large, max-video-preview:-1\" \/>\n<link rel=\"canonical\" href=\"https:\/\/www.feeling-italia.it\/it\/carriera\/\" \/>\n<meta property=\"og:locale\" content=\"it_IT\" \/>\n<meta property=\"og:type\" content=\"article\" \/>\n<meta property=\"og:title\" content=\"Lavora con noi - feeling Italia\" \/>\n<meta property=\"og:description\" content=\"[vc_row][vc_column width=&#8221;1\/1&#8243;][\/vc_column][\/vc_row]\" \/>\n<meta property=\"og:url\" content=\"https:\/\/www.feeling-italia.it\/it\/carriera\/\" \/>\n<meta property=\"og:site_name\" content=\"feeling Italia\" \/>\n<meta property=\"article:publisher\" content=\"https:\/\/www.facebook.com\/feeling.italia.2\" \/>\n<meta property=\"article:modified_time\" content=\"2014-11-19T21:08:06+00:00\" \/>\n<meta name=\"twitter:label1\" content=\"Tempo di lettura stimato\" \/>\n\t<meta name=\"twitter:data1\" content=\"1 minuto\" \/>\n<script type=\"application\/ld+json\" class=\"yoast-schema-graph\">{\"@context\":\"https:\/\/schema.org\",\"@graph\":[{\"@type\":\"WebPage\",\"@id\":\"https:\/\/www.feeling-italia.it\/it\/carriera\/\",\"url\":\"https:\/\/www.feeling-italia.it\/it\/carriera\/\",\"name\":\"Lavora con noi - feeling Italia\",\"isPartOf\":{\"@id\":\"https:\/\/www.feeling-italia.it\/it\/#website\"},\"datePublished\":\"2014-09-28T18:43:19+00:00\",\"dateModified\":\"2014-11-19T21:08:06+00:00\",\"breadcrumb\":{\"@id\":\"https:\/\/www.feeling-italia.it\/it\/carriera\/#breadcrumb\"},\"inLanguage\":\"it-IT\",\"potentialAction\":[{\"@type\":\"ReadAction\",\"target\":[\"https:\/\/www.feeling-italia.it\/it\/carriera\/\"]}]},{\"@type\":\"BreadcrumbList\",\"@id\":\"https:\/\/www.feeling-italia.it\/it\/carriera\/#breadcrumb\",\"itemListElement\":[{\"@type\":\"ListItem\",\"position\":1,\"name\":\"Startseite\",\"item\":\"https:\/\/www.feeling-italia.it\/it\/\"},{\"@type\":\"ListItem\",\"position\":2,\"name\":\"Lavora con noi\"}]},{\"@type\":\"WebSite\",\"@id\":\"https:\/\/www.feeling-italia.it\/it\/#website\",\"url\":\"https:\/\/www.feeling-italia.it\/it\/\",\"name\":\"feeling Italia\",\"description\":\"Zauber der D\u00fcfte\",\"potentialAction\":[{\"@type\":\"SearchAction\",\"target\":{\"@type\":\"EntryPoint\",\"urlTemplate\":\"https:\/\/www.feeling-italia.it\/it\/?s={search_term_string}\"},\"query-input\":{\"@type\":\"PropertyValueSpecification\",\"valueRequired\":true,\"valueName\":\"search_term_string\"}}],\"inLanguage\":\"it-IT\"}]}<\/script>\n<!-- \/ Yoast SEO plugin. -->","yoast_head_json":{"title":"Lavora con noi - feeling Italia","robots":{"index":"index","follow":"follow","max-snippet":"max-snippet:-1","max-image-preview":"max-image-preview:large","max-video-preview":"max-video-preview:-1"},"canonical":"https:\/\/www.feeling-italia.it\/it\/carriera\/","og_locale":"it_IT","og_type":"article","og_title":"Lavora con noi - feeling Italia","og_description":"[vc_row][vc_column width=&#8221;1\/1&#8243;][\/vc_column][\/vc_row]","og_url":"https:\/\/www.feeling-italia.it\/it\/carriera\/","og_site_name":"feeling Italia","article_publisher":"https:\/\/www.facebook.com\/feeling.italia.2","article_modified_time":"2014-11-19T21:08:06+00:00","twitter_misc":{"Tempo di lettura stimato":"1 minuto"},"schema":{"@context":"https:\/\/schema.org","@graph":[{"@type":"WebPage","@id":"https:\/\/www.feeling-italia.it\/it\/carriera\/","url":"https:\/\/www.feeling-italia.it\/it\/carriera\/","name":"Lavora con noi - feeling Italia","isPartOf":{"@id":"https:\/\/www.feeling-italia.it\/it\/#website"},"datePublished":"2014-09-28T18:43:19+00:00","dateModified":"2014-11-19T21:08:06+00:00","breadcrumb":{"@id":"https:\/\/www.feeling-italia.it\/it\/carriera\/#breadcrumb"},"inLanguage":"it-IT","potentialAction":[{"@type":"ReadAction","target":["https:\/\/www.feeling-italia.it\/it\/carriera\/"]}]},{"@type":"BreadcrumbList","@id":"https:\/\/www.feeling-italia.it\/it\/carriera\/#breadcrumb","itemListElement":[{"@type":"ListItem","position":1,"name":"Startseite","item":"https:\/\/www.feeling-italia.it\/it\/"},{"@type":"ListItem","position":2,"name":"Lavora con noi"}]},{"@type":"WebSite","@id":"https:\/\/www.feeling-italia.it\/it\/#website","url":"https:\/\/www.feeling-italia.it\/it\/","name":"feeling Italia","description":"Zauber der D\u00fcfte","potentialAction":[{"@type":"SearchAction","target":{"@type":"EntryPoint","urlTemplate":"https:\/\/www.feeling-italia.it\/it\/?s={search_term_string}"},"query-input":{"@type":"PropertyValueSpecification","valueRequired":true,"valueName":"search_term_string"}}],"inLanguage":"it-IT"}]}},"_links":{"self":[{"href":"https:\/\/www.feeling-italia.it\/it\/wp-json\/wp\/v2\/pages\/78","targetHints":{"allow":["GET"]}}],"collection":[{"href":"https:\/\/www.feeling-italia.it\/it\/wp-json\/wp\/v2\/pages"}],"about":[{"href":"https:\/\/www.feeling-italia.it\/it\/wp-json\/wp\/v2\/types\/page"}],"author":[{"embeddable":true,"href":"https:\/\/www.feeling-italia.it\/it\/wp-json\/wp\/v2\/users\/3"}],"replies":[{"embeddable":true,"href":"https:\/\/www.feeling-italia.it\/it\/wp-json\/wp\/v2\/comments?post=78"}],"version-history":[{"count":6,"href":"https:\/\/www.feeling-italia.it\/it\/wp-json\/wp\/v2\/pages\/78\/revisions"}],"predecessor-version":[{"id":671,"href":"https:\/\/www.feeling-italia.it\/it\/wp-json\/wp\/v2\/pages\/78\/revisions\/671"}],"wp:attachment":[{"href":"https:\/\/www.feeling-italia.it\/it\/wp-json\/wp\/v2\/media?parent=78"}],"curies":[{"name":"wp","href":"https:\/\/api.w.org\/{rel}","templated":true}]}}