{"id":522,"date":"2014-10-24T13:24:41","date_gmt":"2014-10-24T13:24:41","guid":{"rendered":"http:\/\/www.feeling-italia.it\/?page_id=522"},"modified":"2015-01-26T20:54:55","modified_gmt":"2015-01-26T20:54:55","slug":"oli-per-il-corpo-e-massaggio","status":"publish","type":"page","link":"https:\/\/www.feeling-italia.it\/it\/oli-per-il-corpo-e-massaggio\/","title":{"rendered":"Oli per il corpo e massaggio"},"content":{"rendered":"<div class=\"wpb-content-wrapper\">[vc_row][vc_column width=&#8221;1\/1&#8243;]<div  class=\"x-container max width\" ><h1  class=\"h-custom-headline mtn h2\" ><span>Oli per il corpo e massaggio<\/span><\/h1><a  class=\"x-img x-img-link x-img-thumbnail right\" style=\"max-width: 50%;\" href=\"http:\/\/www.feeling.at\/osshop\/koerper-und-massageoele-c-24.html\" title=\"Oli per il corpo e massaggio\"    data-options=\"thumbnail: 'https:\/\/www.feeling-italia.it\/wp-content\/uploads\/massageoele.jpg'\"><img decoding=\"async\" src=\"https:\/\/www.feeling-italia.it\/wp-content\/uploads\/massageoele.jpg\" ><\/a><p style=\"text-align: justify;\">Gli oli per il corpo e massaggio feeling sono tutti a base di oli grassi naturali di altissima qualit\u00e0 e oli essenziali genuini. Si tratta di miscele composte e selezionate con cura. Uno degli ampi effetti positivi \u00e8, che la pelle ottiene una flessibilit\u00e0 che poi funge anche come protezione. Anche le forze autoimmunitarie vengono rafforzate e riattivate. Con un massaggio o una frizione gli oli essenziali feeling penetrano immediatamente nel nostro corpo dando effetto positivo a\u00a0 livello fisico e psichico.<\/p>\n<p style=\"text-align: justify;\">Gli oli per il corpo e massaggio feeling sono stati creati per persone sane.<\/p>\n<\/div>[\/vc_column][\/vc_row]\n<\/div>","protected":false},"excerpt":{"rendered":"<p>[vc_row][vc_column width=&#8221;1\/1&#8243;][\/vc_column][\/vc_row]<\/p>\n","protected":false},"author":3,"featured_media":0,"parent":0,"menu_order":0,"comment_status":"closed","ping_status":"closed","template":"template-blank-4.php","meta":{"footnotes":""},"class_list":["post-522","page","type-page","status-publish","hentry","no-post-thumbnail"],"yoast_head":"<!-- This site is optimized with the Yoast SEO plugin v26.7 - https:\/\/yoast.com\/wordpress\/plugins\/seo\/ -->\n<title>Oli per il corpo e massaggio - feeling Italia<\/title>\n<meta name=\"robots\" content=\"index, follow, max-snippet:-1, max-image-preview:large, max-video-preview:-1\" \/>\n<link rel=\"canonical\" href=\"https:\/\/www.feeling-italia.it\/it\/oli-per-il-corpo-e-massaggio\/\" \/>\n<meta property=\"og:locale\" content=\"it_IT\" \/>\n<meta property=\"og:type\" content=\"article\" \/>\n<meta property=\"og:title\" content=\"Oli per il corpo e massaggio - feeling Italia\" \/>\n<meta property=\"og:description\" content=\"[vc_row][vc_column width=&#8221;1\/1&#8243;][\/vc_column][\/vc_row]\" \/>\n<meta property=\"og:url\" content=\"https:\/\/www.feeling-italia.it\/it\/oli-per-il-corpo-e-massaggio\/\" \/>\n<meta property=\"og:site_name\" content=\"feeling Italia\" \/>\n<meta property=\"article:publisher\" content=\"https:\/\/www.facebook.com\/feeling.italia.2\" \/>\n<meta property=\"article:modified_time\" content=\"2015-01-26T20:54:55+00:00\" \/>\n<meta name=\"twitter:label1\" content=\"Tempo di lettura stimato\" \/>\n\t<meta name=\"twitter:data1\" content=\"1 minuto\" \/>\n<script type=\"application\/ld+json\" class=\"yoast-schema-graph\">{\"@context\":\"https:\/\/schema.org\",\"@graph\":[{\"@type\":\"WebPage\",\"@id\":\"https:\/\/www.feeling-italia.it\/it\/oli-per-il-corpo-e-massaggio\/\",\"url\":\"https:\/\/www.feeling-italia.it\/it\/oli-per-il-corpo-e-massaggio\/\",\"name\":\"Oli per il corpo e massaggio - feeling Italia\",\"isPartOf\":{\"@id\":\"https:\/\/www.feeling-italia.it\/it\/#website\"},\"datePublished\":\"2014-10-24T13:24:41+00:00\",\"dateModified\":\"2015-01-26T20:54:55+00:00\",\"breadcrumb\":{\"@id\":\"https:\/\/www.feeling-italia.it\/it\/oli-per-il-corpo-e-massaggio\/#breadcrumb\"},\"inLanguage\":\"it-IT\",\"potentialAction\":[{\"@type\":\"ReadAction\",\"target\":[\"https:\/\/www.feeling-italia.it\/it\/oli-per-il-corpo-e-massaggio\/\"]}]},{\"@type\":\"BreadcrumbList\",\"@id\":\"https:\/\/www.feeling-italia.it\/it\/oli-per-il-corpo-e-massaggio\/#breadcrumb\",\"itemListElement\":[{\"@type\":\"ListItem\",\"position\":1,\"name\":\"Startseite\",\"item\":\"https:\/\/www.feeling-italia.it\/it\/\"},{\"@type\":\"ListItem\",\"position\":2,\"name\":\"Oli per il corpo e massaggio\"}]},{\"@type\":\"WebSite\",\"@id\":\"https:\/\/www.feeling-italia.it\/it\/#website\",\"url\":\"https:\/\/www.feeling-italia.it\/it\/\",\"name\":\"feeling Italia\",\"description\":\"Zauber der D\u00fcfte\",\"potentialAction\":[{\"@type\":\"SearchAction\",\"target\":{\"@type\":\"EntryPoint\",\"urlTemplate\":\"https:\/\/www.feeling-italia.it\/it\/?s={search_term_string}\"},\"query-input\":{\"@type\":\"PropertyValueSpecification\",\"valueRequired\":true,\"valueName\":\"search_term_string\"}}],\"inLanguage\":\"it-IT\"}]}<\/script>\n<!-- \/ Yoast SEO plugin. -->","yoast_head_json":{"title":"Oli per il corpo e massaggio - feeling Italia","robots":{"index":"index","follow":"follow","max-snippet":"max-snippet:-1","max-image-preview":"max-image-preview:large","max-video-preview":"max-video-preview:-1"},"canonical":"https:\/\/www.feeling-italia.it\/it\/oli-per-il-corpo-e-massaggio\/","og_locale":"it_IT","og_type":"article","og_title":"Oli per il corpo e massaggio - feeling Italia","og_description":"[vc_row][vc_column width=&#8221;1\/1&#8243;][\/vc_column][\/vc_row]","og_url":"https:\/\/www.feeling-italia.it\/it\/oli-per-il-corpo-e-massaggio\/","og_site_name":"feeling Italia","article_publisher":"https:\/\/www.facebook.com\/feeling.italia.2","article_modified_time":"2015-01-26T20:54:55+00:00","twitter_misc":{"Tempo di lettura stimato":"1 minuto"},"schema":{"@context":"https:\/\/schema.org","@graph":[{"@type":"WebPage","@id":"https:\/\/www.feeling-italia.it\/it\/oli-per-il-corpo-e-massaggio\/","url":"https:\/\/www.feeling-italia.it\/it\/oli-per-il-corpo-e-massaggio\/","name":"Oli per il corpo e massaggio - feeling Italia","isPartOf":{"@id":"https:\/\/www.feeling-italia.it\/it\/#website"},"datePublished":"2014-10-24T13:24:41+00:00","dateModified":"2015-01-26T20:54:55+00:00","breadcrumb":{"@id":"https:\/\/www.feeling-italia.it\/it\/oli-per-il-corpo-e-massaggio\/#breadcrumb"},"inLanguage":"it-IT","potentialAction":[{"@type":"ReadAction","target":["https:\/\/www.feeling-italia.it\/it\/oli-per-il-corpo-e-massaggio\/"]}]},{"@type":"BreadcrumbList","@id":"https:\/\/www.feeling-italia.it\/it\/oli-per-il-corpo-e-massaggio\/#breadcrumb","itemListElement":[{"@type":"ListItem","position":1,"name":"Startseite","item":"https:\/\/www.feeling-italia.it\/it\/"},{"@type":"ListItem","position":2,"name":"Oli per il corpo e massaggio"}]},{"@type":"WebSite","@id":"https:\/\/www.feeling-italia.it\/it\/#website","url":"https:\/\/www.feeling-italia.it\/it\/","name":"feeling Italia","description":"Zauber der D\u00fcfte","potentialAction":[{"@type":"SearchAction","target":{"@type":"EntryPoint","urlTemplate":"https:\/\/www.feeling-italia.it\/it\/?s={search_term_string}"},"query-input":{"@type":"PropertyValueSpecification","valueRequired":true,"valueName":"search_term_string"}}],"inLanguage":"it-IT"}]}},"_links":{"self":[{"href":"https:\/\/www.feeling-italia.it\/it\/wp-json\/wp\/v2\/pages\/522","targetHints":{"allow":["GET"]}}],"collection":[{"href":"https:\/\/www.feeling-italia.it\/it\/wp-json\/wp\/v2\/pages"}],"about":[{"href":"https:\/\/www.feeling-italia.it\/it\/wp-json\/wp\/v2\/types\/page"}],"author":[{"embeddable":true,"href":"https:\/\/www.feeling-italia.it\/it\/wp-json\/wp\/v2\/users\/3"}],"replies":[{"embeddable":true,"href":"https:\/\/www.feeling-italia.it\/it\/wp-json\/wp\/v2\/comments?post=522"}],"version-history":[{"count":6,"href":"https:\/\/www.feeling-italia.it\/it\/wp-json\/wp\/v2\/pages\/522\/revisions"}],"predecessor-version":[{"id":805,"href":"https:\/\/www.feeling-italia.it\/it\/wp-json\/wp\/v2\/pages\/522\/revisions\/805"}],"wp:attachment":[{"href":"https:\/\/www.feeling-italia.it\/it\/wp-json\/wp\/v2\/media?parent=522"}],"curies":[{"name":"wp","href":"https:\/\/api.w.org\/{rel}","templated":true}]}}