{"id":516,"date":"2014-10-24T13:23:52","date_gmt":"2014-10-24T13:23:52","guid":{"rendered":"http:\/\/www.feeling-italia.it\/?page_id=516"},"modified":"2015-01-26T20:32:45","modified_gmt":"2015-01-26T20:32:45","slug":"oli-vettori","status":"publish","type":"page","link":"https:\/\/www.feeling-italia.it\/it\/oli-vettori\/","title":{"rendered":"Oli vettori"},"content":{"rendered":"<div class=\"wpb-content-wrapper\">[vc_row][vc_column width=&#8221;1\/1&#8243;]<div  class=\"x-container max width\" ><h1  class=\"h-custom-headline mtn h2\" ><span>Oli vettori<\/span><\/h1><a  class=\"x-img x-img-link x-img-thumbnail right\" style=\"max-width: 50%;\" href=\"http:\/\/www.feeling.at\/osshop\/fette-pflanzenoele-c-30.html\" title=\"Oli vettori\"    data-options=\"thumbnail: 'https:\/\/www.feeling-italia.it\/wp-content\/uploads\/pflanzenoele.jpg'\"><img decoding=\"async\" src=\"https:\/\/www.feeling-italia.it\/wp-content\/uploads\/pflanzenoele.jpg\" alt=\"Oli vettori\"><\/a><p style=\"text-align: justify;\">Una possibilit\u00e0 di assorbire gli oli essenziali \u00e8 attraverso la nostra pelle. Per oli di corpo e di massaggio \u00e8 consigliato di usare oli grassi, spremuti a freddo come olio di base. Con la spremitura a freddo l&#8217; olio non dovrebbe superare temperature di 45\u00b0C. Dopo la spremitura l\u2019olio non viene pi\u00f9 elaborato per non distruggere gli ingredienti preziosi dell&#8217;olio. Viene solamente filtrato. Tutti gli elementi utili e sani dell\u2019olio rimangano interi. Tutti gli oli grassi feeling, grazie all\u2019altissimo livello di qualit\u00e0 alimentare, possono essere usati per trattamenti esterni e uso orale.<\/p>\n<p style=\"text-align: justify;\">Oli grassi naturali hanno un gusto ed effetto unico. Gli acidi grassi saturati hanno un effetto curante sulla pelle ed hanno anche un effetto positivo sulla salute fisica e psichica.<\/p>\n<\/div>[\/vc_column][\/vc_row][vc_row][vc_column width=&#8221;1\/1&#8243;]<div  class=\"x-container max width\" >[vc_row_inner][vc_column_inner width=&#8221;1\/3&#8243; fade=&#8221;true&#8221; fade_animation=&#8221;in-from-left&#8221; fade_animation_offset=&#8221;45px&#8221;]<div  class=\"x-promo\" ><div class=\"x-promo-image-wrap\"><img decoding=\"async\" src=\"https:\/\/www.feeling-italia.it\/wp-content\/uploads\/mandeln.jpg\" alt=\"Mandeln\"\/><\/div><div class=\"x-promo-content\"><h3  class=\"h-custom-headline mvn center-text h4\" ><span> <a title=\"Olio di mandorle bio\" href=\"http:\/\/www.feeling.at\/osshop\/mandeloel-suess-nativ-bio-prunus-dulcis-var-dulcis-p-470.html\" target=\"_blank\">Olio di mandorle bio<\/a> <\/span><\/h3><\/div><\/div>[\/vc_column_inner][vc_column_inner width=&#8221;1\/3&#8243; fade_animation=&#8221;in-from-bottom&#8221; fade_animation_offset=&#8221;45px&#8221; fade=&#8221;true&#8221;]<div  class=\"x-promo\" ><div class=\"x-promo-image-wrap\"><img decoding=\"async\" src=\"https:\/\/www.feeling-italia.it\/wp-content\/uploads\/kokosnuss.jpg\" alt=\"Kokonuss\"\/><\/div><div class=\"x-promo-content\"><h3  class=\"h-custom-headline mvn center-text h4\" ><span> <a title=\"Olio di cocco bio\" href=\"http:\/\/www.feeling.at\/osshop\/kokosoel-nativ-bio-cocos-nucifera-p-468.html\" target=\"_blank\">Olio di cocco bio<\/a> <\/span><\/h3><\/div><\/div>[\/vc_column_inner][vc_column_inner width=&#8221;1\/3&#8243; fade=&#8221;true&#8221; fade_animation=&#8221;in-from-right&#8221; fade_animation_offset=&#8221;45px&#8221;]<div  class=\"x-promo\" ><div class=\"x-promo-image-wrap\"><img decoding=\"async\" src=\"https:\/\/www.feeling-italia.it\/wp-content\/uploads\/omega_3_oelkur.jpg\" alt=\"Omega 3 \u00d6lkur\"\/><\/div><div class=\"x-promo-content\"><h3  class=\"h-custom-headline mvn center-text h4\" ><span> <a title=\"Olio Omega 3 bio\" href=\"http:\/\/www.feeling.at\/osshop\/omega3-oelkur-bio-p-1224.html\" target=\"_blank\">Olio Omega 3 bio<\/a> <\/span><\/h3><\/div><\/div>[\/vc_column_inner][\/vc_row_inner]<\/div>[\/vc_column][\/vc_row]\n<\/div>","protected":false},"excerpt":{"rendered":"<p>[vc_row][vc_column width=&#8221;1\/1&#8243;][\/vc_column][\/vc_row][vc_row][vc_column width=&#8221;1\/1&#8243;][\/vc_column][\/vc_row]<\/p>\n","protected":false},"author":3,"featured_media":0,"parent":0,"menu_order":0,"comment_status":"closed","ping_status":"closed","template":"template-blank-4.php","meta":{"footnotes":""},"class_list":["post-516","page","type-page","status-publish","hentry","no-post-thumbnail"],"yoast_head":"<!-- This site is optimized with the Yoast SEO plugin v26.7 - https:\/\/yoast.com\/wordpress\/plugins\/seo\/ -->\n<title>Oli vettori - feeling Italia<\/title>\n<meta name=\"robots\" content=\"index, follow, max-snippet:-1, max-image-preview:large, max-video-preview:-1\" \/>\n<link rel=\"canonical\" href=\"https:\/\/www.feeling-italia.it\/it\/oli-vettori\/\" \/>\n<meta property=\"og:locale\" content=\"it_IT\" \/>\n<meta property=\"og:type\" content=\"article\" \/>\n<meta property=\"og:title\" content=\"Oli vettori - feeling Italia\" \/>\n<meta property=\"og:description\" content=\"[vc_row][vc_column width=&#8221;1\/1&#8243;][\/vc_column][\/vc_row][vc_row][vc_column width=&#8221;1\/1&#8243;][\/vc_column][\/vc_row]\" \/>\n<meta property=\"og:url\" content=\"https:\/\/www.feeling-italia.it\/it\/oli-vettori\/\" \/>\n<meta property=\"og:site_name\" content=\"feeling Italia\" \/>\n<meta property=\"article:publisher\" content=\"https:\/\/www.facebook.com\/feeling.italia.2\" \/>\n<meta property=\"article:modified_time\" content=\"2015-01-26T20:32:45+00:00\" \/>\n<meta name=\"twitter:label1\" content=\"Tempo di lettura stimato\" \/>\n\t<meta name=\"twitter:data1\" content=\"2 minuti\" \/>\n<script type=\"application\/ld+json\" class=\"yoast-schema-graph\">{\"@context\":\"https:\/\/schema.org\",\"@graph\":[{\"@type\":\"WebPage\",\"@id\":\"https:\/\/www.feeling-italia.it\/it\/oli-vettori\/\",\"url\":\"https:\/\/www.feeling-italia.it\/it\/oli-vettori\/\",\"name\":\"Oli vettori - feeling Italia\",\"isPartOf\":{\"@id\":\"https:\/\/www.feeling-italia.it\/it\/#website\"},\"datePublished\":\"2014-10-24T13:23:52+00:00\",\"dateModified\":\"2015-01-26T20:32:45+00:00\",\"breadcrumb\":{\"@id\":\"https:\/\/www.feeling-italia.it\/it\/oli-vettori\/#breadcrumb\"},\"inLanguage\":\"it-IT\",\"potentialAction\":[{\"@type\":\"ReadAction\",\"target\":[\"https:\/\/www.feeling-italia.it\/it\/oli-vettori\/\"]}]},{\"@type\":\"BreadcrumbList\",\"@id\":\"https:\/\/www.feeling-italia.it\/it\/oli-vettori\/#breadcrumb\",\"itemListElement\":[{\"@type\":\"ListItem\",\"position\":1,\"name\":\"Startseite\",\"item\":\"https:\/\/www.feeling-italia.it\/it\/\"},{\"@type\":\"ListItem\",\"position\":2,\"name\":\"Oli vettori\"}]},{\"@type\":\"WebSite\",\"@id\":\"https:\/\/www.feeling-italia.it\/it\/#website\",\"url\":\"https:\/\/www.feeling-italia.it\/it\/\",\"name\":\"feeling Italia\",\"description\":\"Zauber der D\u00fcfte\",\"potentialAction\":[{\"@type\":\"SearchAction\",\"target\":{\"@type\":\"EntryPoint\",\"urlTemplate\":\"https:\/\/www.feeling-italia.it\/it\/?s={search_term_string}\"},\"query-input\":{\"@type\":\"PropertyValueSpecification\",\"valueRequired\":true,\"valueName\":\"search_term_string\"}}],\"inLanguage\":\"it-IT\"}]}<\/script>\n<!-- \/ Yoast SEO plugin. -->","yoast_head_json":{"title":"Oli vettori - feeling Italia","robots":{"index":"index","follow":"follow","max-snippet":"max-snippet:-1","max-image-preview":"max-image-preview:large","max-video-preview":"max-video-preview:-1"},"canonical":"https:\/\/www.feeling-italia.it\/it\/oli-vettori\/","og_locale":"it_IT","og_type":"article","og_title":"Oli vettori - feeling Italia","og_description":"[vc_row][vc_column width=&#8221;1\/1&#8243;][\/vc_column][\/vc_row][vc_row][vc_column width=&#8221;1\/1&#8243;][\/vc_column][\/vc_row]","og_url":"https:\/\/www.feeling-italia.it\/it\/oli-vettori\/","og_site_name":"feeling Italia","article_publisher":"https:\/\/www.facebook.com\/feeling.italia.2","article_modified_time":"2015-01-26T20:32:45+00:00","twitter_misc":{"Tempo di lettura stimato":"2 minuti"},"schema":{"@context":"https:\/\/schema.org","@graph":[{"@type":"WebPage","@id":"https:\/\/www.feeling-italia.it\/it\/oli-vettori\/","url":"https:\/\/www.feeling-italia.it\/it\/oli-vettori\/","name":"Oli vettori - feeling Italia","isPartOf":{"@id":"https:\/\/www.feeling-italia.it\/it\/#website"},"datePublished":"2014-10-24T13:23:52+00:00","dateModified":"2015-01-26T20:32:45+00:00","breadcrumb":{"@id":"https:\/\/www.feeling-italia.it\/it\/oli-vettori\/#breadcrumb"},"inLanguage":"it-IT","potentialAction":[{"@type":"ReadAction","target":["https:\/\/www.feeling-italia.it\/it\/oli-vettori\/"]}]},{"@type":"BreadcrumbList","@id":"https:\/\/www.feeling-italia.it\/it\/oli-vettori\/#breadcrumb","itemListElement":[{"@type":"ListItem","position":1,"name":"Startseite","item":"https:\/\/www.feeling-italia.it\/it\/"},{"@type":"ListItem","position":2,"name":"Oli vettori"}]},{"@type":"WebSite","@id":"https:\/\/www.feeling-italia.it\/it\/#website","url":"https:\/\/www.feeling-italia.it\/it\/","name":"feeling Italia","description":"Zauber der D\u00fcfte","potentialAction":[{"@type":"SearchAction","target":{"@type":"EntryPoint","urlTemplate":"https:\/\/www.feeling-italia.it\/it\/?s={search_term_string}"},"query-input":{"@type":"PropertyValueSpecification","valueRequired":true,"valueName":"search_term_string"}}],"inLanguage":"it-IT"}]}},"_links":{"self":[{"href":"https:\/\/www.feeling-italia.it\/it\/wp-json\/wp\/v2\/pages\/516","targetHints":{"allow":["GET"]}}],"collection":[{"href":"https:\/\/www.feeling-italia.it\/it\/wp-json\/wp\/v2\/pages"}],"about":[{"href":"https:\/\/www.feeling-italia.it\/it\/wp-json\/wp\/v2\/types\/page"}],"author":[{"embeddable":true,"href":"https:\/\/www.feeling-italia.it\/it\/wp-json\/wp\/v2\/users\/3"}],"replies":[{"embeddable":true,"href":"https:\/\/www.feeling-italia.it\/it\/wp-json\/wp\/v2\/comments?post=516"}],"version-history":[{"count":9,"href":"https:\/\/www.feeling-italia.it\/it\/wp-json\/wp\/v2\/pages\/516\/revisions"}],"predecessor-version":[{"id":799,"href":"https:\/\/www.feeling-italia.it\/it\/wp-json\/wp\/v2\/pages\/516\/revisions\/799"}],"wp:attachment":[{"href":"https:\/\/www.feeling-italia.it\/it\/wp-json\/wp\/v2\/media?parent=516"}],"curies":[{"name":"wp","href":"https:\/\/api.w.org\/{rel}","templated":true}]}}