{"id":512,"date":"2014-10-24T13:23:02","date_gmt":"2014-10-24T13:23:02","guid":{"rendered":"http:\/\/www.feeling-italia.it\/?page_id=512"},"modified":"2015-01-26T20:25:39","modified_gmt":"2015-01-26T20:25:39","slug":"oli-essenziali","status":"publish","type":"page","link":"https:\/\/www.feeling-italia.it\/it\/oli-essenziali\/","title":{"rendered":"Oli essenziali"},"content":{"rendered":"<div class=\"wpb-content-wrapper\">[vc_row][vc_column width=&#8221;1\/1&#8243;]<div  class=\"x-container max width\" ><h1  class=\"h-custom-headline mtn h2\" ><span>Oli Essenziali<\/span><\/h1><a  class=\"x-img x-img-link x-img-thumbnail right\" style=\"max-width: 50%;\" href=\"http:\/\/www.feeling.at\/osshop\/aetherische-oele-c-1.html\" title=\"Oli Essenziali\"    data-options=\"thumbnail: 'https:\/\/www.feeling-italia.it\/wp-content\/uploads\/aetherische-oele-feeling.jpg'\"><img decoding=\"async\" src=\"https:\/\/www.feeling-italia.it\/wp-content\/uploads\/aetherische-oele-feeling.jpg\" alt=\"Oli Essenziali\"><\/a><p style=\"text-align: justify;\">Gli oli essenziali ed il loro effetto positivo sul uomo sono gi\u00e0 documentati da secoli.<\/p>\n<p style=\"text-align: justify;\">Li <strong><a title=\"Olio Essenziale Wikipedia\" href=\"http:\/\/it.wikipedia.org\/wiki\/Olio_essenziale\">oli essenziali<\/a><\/strong> sono l&#8217; essenza concentrata di una pianta dall&#8217;effetto terapeutico.<\/p>\n<p style=\"text-align: justify;\">Le \u201cgoccioline dell\u2019olio essenziale\u201d sono presenti nella pianta in maniera specifica, molto concentrata ed\u00a0 hanno pi\u00f9 funzioni:<\/p>\n<ul style=\"text-align: justify;\">\n<li>Protezione contro agenti patogeni<\/li>\n<li>Protezione contro temperature estreme<\/li>\n<li>Protezione contro parassiti<\/li>\n<li>Attirare animaletti utili per la sopravvivenza della pianta<\/li>\n<\/ul>\n<p style=\"text-align: justify;\">Il metodo pi\u00f9 diffuso e usato per la produzione di oli essenziali \u00e8 la distillazione a vapore. Ogni pianta ha la sua ricchezza. Per esempio, per ottenere 1 kg di olio essenziale, bisogna distillare sette tonnellate della pianta di melissa. Invece per ottenere la stessa quantit\u00e0 di olio essenziale di menta bastano \u201csolo\u201d 50 \u2013 70 kg della pianta. Questa enorme differenza del rendimento spiega anche le grandi differenze di prezzo.<\/p>\n<p style=\"text-align: justify;\">Questi tesori nascosti e preziosi della natura a quest&#8217; oggi rivivono il proprio rinascimento. Gi\u00e0 nel regno romano era conosciuta la potenza e l&#8217; effetto positivo degli oli essenziali. Per\u00f2 fu dimenticato e grazie alla societ\u00e0 moderna, con le mode di wellness e culto per il corpo,gli oli essenziali sono\u00a0 stati riscoperti.<\/p>\n<p style=\"text-align: justify;\">Gli oli essenziali di feeling sono controllati e certificati dagli istituti pi\u00f9 rinomati d&#8217; Europa.<\/p>\n<p>Su richiesta i nostri oli essenziali si possono ottenere anche in misure da 100 ml e 500 ml.<\/p>\n<\/div>[\/vc_column][\/vc_row][vc_row][vc_column width=&#8221;1\/1&#8243;]<div  class=\"x-container max width\" >[vc_row_inner][vc_column_inner width=&#8221;1\/3&#8243; fade=&#8221;true&#8221; fade_animation=&#8221;in-from-left&#8221; fade_animation_offset=&#8221;45px&#8221;]<div  class=\"x-promo\" ><div class=\"x-promo-image-wrap\"><img decoding=\"async\" src=\"https:\/\/www.feeling-italia.it\/wp-content\/uploads\/lavendel-bio-oele.jpg\" alt=\"Lavendel Bio\"\/><\/div><div class=\"x-promo-content\"><h3  class=\"h-custom-headline mvn center-text h4\" ><span> <a title=\"Oli essenziali bio\" href=\"http:\/\/www.feeling.at\/osshop\/aetherische-oele-bio-oele-c-1_57.html\" target=\"_blank\">Oli essenziali bio<\/a> <\/span><\/h3><\/div><\/div>[\/vc_column_inner][vc_column_inner width=&#8221;1\/3&#8243; fade=&#8221;true&#8221; fade_animation=&#8221;in-from-bottom&#8221; fade_animation_offset=&#8221;45px&#8221;]<div  class=\"x-promo\" ><div class=\"x-promo-image-wrap\"><img decoding=\"async\" src=\"https:\/\/www.feeling-italia.it\/wp-content\/uploads\/duftmischungen.jpg\" alt=\"Duftmischung auf Duftstein Rose\"\/><\/div><div class=\"x-promo-content\"><h3  class=\"h-custom-headline mvn center-text h4\" ><span> <a title=\"Composizioni di fragranza\" href=\"http:\/\/www.feeling.at\/osshop\/duftkompositionen-c-2.html\" target=\"_blank\">Composizioni di fragranza<\/a> <\/span><\/h3><\/div><\/div>[\/vc_column_inner][vc_column_inner width=&#8221;1\/3&#8243; fade=&#8221;true&#8221; fade_animation=&#8221;in-from-right&#8221; fade_animation_offset=&#8221;45px&#8221;]<div  class=\"x-promo\" ><div class=\"x-promo-image-wrap\"><img decoding=\"async\" src=\"https:\/\/www.feeling-italia.it\/wp-content\/uploads\/daolia.jpg\" alt=\"Daolia Diffuser zur Raumbeduftung\"\/><\/div><div class=\"x-promo-content\"><h3  class=\"h-custom-headline mvn center-text h4\" ><span> <a title=\"Profumazione ambientale\" href=\"http:\/\/www.feeling.at\/osshop\/raumbeduftung-c-3.html\" target=\"_blank\">Profumazione ambientale<\/a> <\/span><\/h3><\/div><\/div>[\/vc_column_inner][\/vc_row_inner]<\/div>[\/vc_column][\/vc_row]\n<\/div>","protected":false},"excerpt":{"rendered":"<p>[vc_row][vc_column width=&#8221;1\/1&#8243;][\/vc_column][\/vc_row][vc_row][vc_column width=&#8221;1\/1&#8243;][\/vc_column][\/vc_row]<\/p>\n","protected":false},"author":3,"featured_media":0,"parent":0,"menu_order":0,"comment_status":"closed","ping_status":"closed","template":"template-blank-4.php","meta":{"footnotes":""},"class_list":["post-512","page","type-page","status-publish","hentry","no-post-thumbnail"],"yoast_head":"<!-- This site is optimized with the Yoast SEO plugin v26.7 - https:\/\/yoast.com\/wordpress\/plugins\/seo\/ -->\n<title>Oli essenziali - feeling Italia<\/title>\n<meta name=\"robots\" content=\"index, follow, max-snippet:-1, max-image-preview:large, max-video-preview:-1\" \/>\n<link rel=\"canonical\" href=\"https:\/\/www.feeling-italia.it\/it\/oli-essenziali\/\" \/>\n<meta property=\"og:locale\" content=\"it_IT\" \/>\n<meta property=\"og:type\" content=\"article\" \/>\n<meta property=\"og:title\" content=\"Oli essenziali - feeling Italia\" \/>\n<meta property=\"og:description\" content=\"[vc_row][vc_column width=&#8221;1\/1&#8243;][\/vc_column][\/vc_row][vc_row][vc_column width=&#8221;1\/1&#8243;][\/vc_column][\/vc_row]\" \/>\n<meta property=\"og:url\" content=\"https:\/\/www.feeling-italia.it\/it\/oli-essenziali\/\" \/>\n<meta property=\"og:site_name\" content=\"feeling Italia\" \/>\n<meta property=\"article:publisher\" content=\"https:\/\/www.facebook.com\/feeling.italia.2\" \/>\n<meta property=\"article:modified_time\" content=\"2015-01-26T20:25:39+00:00\" \/>\n<meta name=\"twitter:label1\" content=\"Tempo di lettura stimato\" \/>\n\t<meta name=\"twitter:data1\" content=\"2 minuti\" \/>\n<script type=\"application\/ld+json\" class=\"yoast-schema-graph\">{\"@context\":\"https:\/\/schema.org\",\"@graph\":[{\"@type\":\"WebPage\",\"@id\":\"https:\/\/www.feeling-italia.it\/it\/oli-essenziali\/\",\"url\":\"https:\/\/www.feeling-italia.it\/it\/oli-essenziali\/\",\"name\":\"Oli essenziali - feeling Italia\",\"isPartOf\":{\"@id\":\"https:\/\/www.feeling-italia.it\/it\/#website\"},\"datePublished\":\"2014-10-24T13:23:02+00:00\",\"dateModified\":\"2015-01-26T20:25:39+00:00\",\"breadcrumb\":{\"@id\":\"https:\/\/www.feeling-italia.it\/it\/oli-essenziali\/#breadcrumb\"},\"inLanguage\":\"it-IT\",\"potentialAction\":[{\"@type\":\"ReadAction\",\"target\":[\"https:\/\/www.feeling-italia.it\/it\/oli-essenziali\/\"]}]},{\"@type\":\"BreadcrumbList\",\"@id\":\"https:\/\/www.feeling-italia.it\/it\/oli-essenziali\/#breadcrumb\",\"itemListElement\":[{\"@type\":\"ListItem\",\"position\":1,\"name\":\"Startseite\",\"item\":\"https:\/\/www.feeling-italia.it\/it\/\"},{\"@type\":\"ListItem\",\"position\":2,\"name\":\"Oli essenziali\"}]},{\"@type\":\"WebSite\",\"@id\":\"https:\/\/www.feeling-italia.it\/it\/#website\",\"url\":\"https:\/\/www.feeling-italia.it\/it\/\",\"name\":\"feeling Italia\",\"description\":\"Zauber der D\u00fcfte\",\"potentialAction\":[{\"@type\":\"SearchAction\",\"target\":{\"@type\":\"EntryPoint\",\"urlTemplate\":\"https:\/\/www.feeling-italia.it\/it\/?s={search_term_string}\"},\"query-input\":{\"@type\":\"PropertyValueSpecification\",\"valueRequired\":true,\"valueName\":\"search_term_string\"}}],\"inLanguage\":\"it-IT\"}]}<\/script>\n<!-- \/ Yoast SEO plugin. -->","yoast_head_json":{"title":"Oli essenziali - feeling Italia","robots":{"index":"index","follow":"follow","max-snippet":"max-snippet:-1","max-image-preview":"max-image-preview:large","max-video-preview":"max-video-preview:-1"},"canonical":"https:\/\/www.feeling-italia.it\/it\/oli-essenziali\/","og_locale":"it_IT","og_type":"article","og_title":"Oli essenziali - feeling Italia","og_description":"[vc_row][vc_column width=&#8221;1\/1&#8243;][\/vc_column][\/vc_row][vc_row][vc_column width=&#8221;1\/1&#8243;][\/vc_column][\/vc_row]","og_url":"https:\/\/www.feeling-italia.it\/it\/oli-essenziali\/","og_site_name":"feeling Italia","article_publisher":"https:\/\/www.facebook.com\/feeling.italia.2","article_modified_time":"2015-01-26T20:25:39+00:00","twitter_misc":{"Tempo di lettura stimato":"2 minuti"},"schema":{"@context":"https:\/\/schema.org","@graph":[{"@type":"WebPage","@id":"https:\/\/www.feeling-italia.it\/it\/oli-essenziali\/","url":"https:\/\/www.feeling-italia.it\/it\/oli-essenziali\/","name":"Oli essenziali - feeling Italia","isPartOf":{"@id":"https:\/\/www.feeling-italia.it\/it\/#website"},"datePublished":"2014-10-24T13:23:02+00:00","dateModified":"2015-01-26T20:25:39+00:00","breadcrumb":{"@id":"https:\/\/www.feeling-italia.it\/it\/oli-essenziali\/#breadcrumb"},"inLanguage":"it-IT","potentialAction":[{"@type":"ReadAction","target":["https:\/\/www.feeling-italia.it\/it\/oli-essenziali\/"]}]},{"@type":"BreadcrumbList","@id":"https:\/\/www.feeling-italia.it\/it\/oli-essenziali\/#breadcrumb","itemListElement":[{"@type":"ListItem","position":1,"name":"Startseite","item":"https:\/\/www.feeling-italia.it\/it\/"},{"@type":"ListItem","position":2,"name":"Oli essenziali"}]},{"@type":"WebSite","@id":"https:\/\/www.feeling-italia.it\/it\/#website","url":"https:\/\/www.feeling-italia.it\/it\/","name":"feeling Italia","description":"Zauber der D\u00fcfte","potentialAction":[{"@type":"SearchAction","target":{"@type":"EntryPoint","urlTemplate":"https:\/\/www.feeling-italia.it\/it\/?s={search_term_string}"},"query-input":{"@type":"PropertyValueSpecification","valueRequired":true,"valueName":"search_term_string"}}],"inLanguage":"it-IT"}]}},"_links":{"self":[{"href":"https:\/\/www.feeling-italia.it\/it\/wp-json\/wp\/v2\/pages\/512","targetHints":{"allow":["GET"]}}],"collection":[{"href":"https:\/\/www.feeling-italia.it\/it\/wp-json\/wp\/v2\/pages"}],"about":[{"href":"https:\/\/www.feeling-italia.it\/it\/wp-json\/wp\/v2\/types\/page"}],"author":[{"embeddable":true,"href":"https:\/\/www.feeling-italia.it\/it\/wp-json\/wp\/v2\/users\/3"}],"replies":[{"embeddable":true,"href":"https:\/\/www.feeling-italia.it\/it\/wp-json\/wp\/v2\/comments?post=512"}],"version-history":[{"count":9,"href":"https:\/\/www.feeling-italia.it\/it\/wp-json\/wp\/v2\/pages\/512\/revisions"}],"predecessor-version":[{"id":795,"href":"https:\/\/www.feeling-italia.it\/it\/wp-json\/wp\/v2\/pages\/512\/revisions\/795"}],"wp:attachment":[{"href":"https:\/\/www.feeling-italia.it\/it\/wp-json\/wp\/v2\/media?parent=512"}],"curies":[{"name":"wp","href":"https:\/\/api.w.org\/{rel}","templated":true}]}}